{"id":16,"date":"2020-03-06T11:34:39","date_gmt":"2020-03-06T10:34:39","guid":{"rendered":"http:\/\/wilk-na-pomorzu.pl\/?page_id=16"},"modified":"2020-08-20T12:15:53","modified_gmt":"2020-08-20T10:15:53","slug":"konferencja","status":"publish","type":"page","link":"http:\/\/stowarzyszenie-matecznik.pl\/index.php\/konferencja\/","title":{"rendered":"Konferencja"},"content":{"rendered":"<h1>i warsztaty przyrodnicze<\/h1>\n<p><strong><img decoding=\"async\" class=\"alignnone wp-image-438\" src=\"http:\/\/stowarzyszenie-matecznik.pl\/wp-content\/uploads\/2020\/08\/logo-1-300x300.png\" alt=\"Konferencja Orzechowo Morskie 2019\" width=\"89\" height=\"89\" srcset=\"http:\/\/stowarzyszenie-matecznik.pl\/wp-content\/uploads\/2020\/08\/logo-1-300x300.png 300w, http:\/\/stowarzyszenie-matecznik.pl\/wp-content\/uploads\/2020\/08\/logo-1-1024x1024.png 1024w, http:\/\/stowarzyszenie-matecznik.pl\/wp-content\/uploads\/2020\/08\/logo-1-150x150.png 150w, http:\/\/stowarzyszenie-matecznik.pl\/wp-content\/uploads\/2020\/08\/logo-1-768x768.png 768w, http:\/\/stowarzyszenie-matecznik.pl\/wp-content\/uploads\/2020\/08\/logo-1.png 1200w\" sizes=\"(max-width: 89px) 100vw, 89px\" \/> Orzechowo Morskie 2019<\/strong><\/p>\n<p>W dniach od 18 do 20 pa\u017adziernika 2019 roku w O\u015brodku Szkoleniowo<br \/>\n-Wypoczynkowym \u201eLe\u015bnik\u201d w Orzechowie Morskim oraz na terenie S\u0142owi\u0144skiego Parku Narodowego odby\u0142a si\u0119 konferencja po\u0142\u0105czona z warsztatami przyrodniczymi pt. <strong><em>\u201eO ochronie oraz u\u017cytkowaniu zasob\u00f3w przyrodniczych, puszczach, lasach i ich mieszka\u0144cach\u201d.<\/em><\/strong> Uczestniczyli w niej przede wszystkim dziennikarze prasowi, telewizyjni, radiowi oraz medi\u00f3w internetowych, w tym spo\u0142eczno\u015bciowych. Byli r\u00f3wnie\u017c obecni przedstawiciele Dyrekcji Generalnej Las\u00f3w Pa\u0144stwowych, urz\u0119d\u00f3w marsza\u0142kowskich, park\u00f3w narodowych i krajobrazowych, r\u00f3\u017cnych instytucji zajmuj\u0105cych si\u0119 \u015brodowiskiem, w tym nadle\u015bnictw, studenci z Ko\u0142a Le\u015bnik\u00f3w Uniwersytetu Przyrodniczego w Poznaniu oraz przedstawiciele organizatora. Do grona prelegent\u00f3w zaproszono wybitnych ekspert\u00f3w, przedstawicieli nauki oraz reprezentant\u00f3w instytucji zajmuj\u0105cych si\u0119 tematyk\u0105 zwi\u0105zan\u0105 ze \u015brodowiskiem przyrodniczym. W\u015br\u00f3d nich byli profesorowie: Wanda Olech, Kazimierz Rykowski, Henryk Okarma, Wies\u0142aw Fa\u0142tynowicz, Maciej Skorupski i Jakub Borkowski.<\/p>\n<p>Organizatorem wydarzenia by\u0142o Stowarzyszenie na rzecz Wspierania Bior\u00f3\u017cnorodno\u015bci \u201eMatecznik\u201d ze Szczecinka, we wsp\u00f3\u0142pracy z Dyrekcj\u0105 S\u0142owi\u0144skiego Parku Narodowego, Dyrekcj\u0105 Miejskiego Ogrodu Zoologicznego w Warszawie i Nadle\u015bnictwami: Warcino, Polan\u00f3w i Karnieszewice, wchodz\u0105cymi w sk\u0142ad Le\u015bnego Kompleksu Promocyjnego \u201eLasy \u015arodkowopomorskie\u201d oraz z Zarz\u0105dem Stowarzyszenia Naukowo-Technicznego In\u017cynier\u00f3w i Technik\u00f3w Rolnictwa w S\u0142upsku.<\/p>\n<p>Konferencja zosta\u0142a dofinansowana ze \u015brodk\u00f3w Narodowego Funduszu Ochrony \u015arodowiska i Gospodarki Wodnej.<\/p>\n<p>Patronatem honorowym wydarzenie obj\u0119li: Marsza\u0142ek Wojew\u00f3dztwa Pomorskiego, JM Rektor Uniwersytetu Przyrodniczego w Poznaniu,\u00a0 JM Rektor Akademii Pomorskiej w S\u0142upsku, Dyrektor Instytutu Nauk o \u015arodowisku Uniwersytetu Jagiello\u0144skiego w Krakowie oraz Przewodnicz\u0105cy Prezydium Mi\u0119dzynarodowej Unii Le\u015bnych Organizacji Badawczych (IUFRO).<\/p>\n<p>W programie konferencji uj\u0119to zagadnienia dotycz\u0105ce ochrony i u\u017cytkowania zasob\u00f3w naturalnych oraz relacje zmian zachodz\u0105cych pomi\u0119dzy poszczeg\u00f3lnymi sk\u0142adnikami ekosystem\u00f3w, tak\u017ce w aspekcie ochrony \u017cycia i zdrowia ludzi.<\/p>\n<p>W prezentowanych referatach zawarto najnowsze wyniki bada\u0144 naukowych, dotycz\u0105ce porost\u00f3w, owad\u00f3w, ptak\u00f3w, ssak\u00f3w, ze szczeg\u00f3lnym zwr\u00f3ceniem uwagi na narastaj\u0105ce konflikty zwi\u0105zane z dynamicznym wzrostem populacji jeleni, \u0142osi, \u017cubr\u00f3w, wilk\u00f3w i bobr\u00f3w oraz ich oddzia\u0142ywaniem na ekosystemy, a przede wszystkim na lasy, obszary chronione, agrocenozy i \u015brodowisko \u017cycia ludzi. Dyskutowano o \u015brodowisku le\u015bnym, jego roli i znaczeniu oraz wizji przysz\u0142o\u015bci w zwi\u0105zku ze zmianami spo\u0142ecznymi i klimatycznymi.<\/p>\n<p>Powodem zorganizowania konferencji sta\u0142a si\u0119 potrzeba zainicjowania debaty o spo\u0142ecznie akceptowalnej koncepcji zarz\u0105dzania zasobami przyrodniczymi, wskazuj\u0105cej na konieczno\u015b\u0107 podj\u0119cia w Polsce konstruktywnego dialogu na tematy przyrodnicze. Dialogu, w poszukiwaniu kompromisu opartego na merytorycznych podstawach i spo\u0142ecznej akceptacji. Szczeg\u00f3lnie dotyczy to marginalizowanych w ostatnich latach \u015brodowisk wiejskich. G\u0142\u00f3wnym celem takiej debaty powinno by\u0107 minimalizowanie ryzyka dalszego ograniczania r\u00f3\u017cnorodno\u015bci biologicznej i utraty zasob\u00f3w przyrodniczych, a w miejscach kt\u00f3re tego wymagaj\u0105, przywr\u00f3cenia w\u0142a\u015bciwego ich stanu.<\/p>\n<p>Dyskusja na powy\u017csze tematy to trudne zadanie, szczeg\u00f3lnie z powodu zr\u00f3\u017cnicowanego rozumienia przez spo\u0142ecze\u0144stwo zasad i potrzeb ochrony przyrody w Polsce i w Europie. \u00a0Dodatkowym utrudnieniem podczas rozm\u00f3w i w poszukiwaniu kompromisu jest du\u017ca wra\u017cliwo\u015b\u0107 \u015brodowisk miejskich w stosunku do zwierz\u0105t.<\/p>\n<p>Organizatorzy wyra\u017caj\u0105 nadziej\u0119, \u017ce aktywno\u015b\u0107 uczestnik\u00f3w w dyskusji podczas konferencji i dobra atmosfera wydarzenia, przyczyni\u0105 si\u0119 do poprawy przekazu, w tym do lepszego spo\u0142ecznego zrozumienia form i zasad ochrony przyrody oraz ogl\u0105du aktualnego stanu naszego \u015brodowiska. Zorganizowane spotkanie natomiast, poprzez umo\u017cliwienie nawi\u0105zania kontakt\u00f3w, zainspiruje do wymiany do\u015bwiadcze\u0144 oraz poszukiwania optymalnych rozwi\u0105za\u0144 w omawianym obszarze.<\/p>\n<p>Z du\u017cym prawdopodobie\u0144stwem organizacja podobnych konferencji b\u0119dzie kontynuowana i stanie si\u0119 przyczynkiem do spo\u0142ecznego dyskursu na temat koniecznej poprawy stanu \u015brodowiska.<\/p>\n<hr \/>\n<p><a href=\"http:\/\/stowarzyszenie-matecznik.pl\/wp-content\/uploads\/2019\/10\/Logo-matecznik_fundusz2.png\">Organizator i dofinansowanie<\/a><\/p>\n<p><a href=\"http:\/\/stowarzyszenie-matecznik.pl\/wp-content\/uploads\/2019\/10\/Logo-matecznik_fundusz2.png\"><img decoding=\"async\" class=\"aligncenter wp-image-273\" title=\"Organizator Stowarzyszenie Matecznik, dofinansowanie NFO\u015aiGW\" src=\"http:\/\/stowarzyszenie-matecznik.pl\/wp-content\/uploads\/2019\/10\/Logo-matecznik_fundusz2-300x43.png\" alt=\"Organizator Stowarzyszenie Matecznik, dofinansowanie NFO\u015aiGW\" width=\"440\" height=\"63\" srcset=\"http:\/\/stowarzyszenie-matecznik.pl\/wp-content\/uploads\/2019\/10\/Logo-matecznik_fundusz2-300x43.png 300w, http:\/\/stowarzyszenie-matecznik.pl\/wp-content\/uploads\/2019\/10\/Logo-matecznik_fundusz2-768x111.png 768w, http:\/\/stowarzyszenie-matecznik.pl\/wp-content\/uploads\/2019\/10\/Logo-matecznik_fundusz2.png 844w\" sizes=\"(max-width: 440px) 100vw, 440px\" \/><\/a><\/p>\n<p>&nbsp;<\/p>\n<hr \/>\n<p>&nbsp;<\/p>\n<!-- Final Tiles Grid Gallery for WordPress v3.6.4 free --><style>#ftg-11 .tile .icon { color:#ffffff; }#ftg-11 .ftg-items .loading-bar i { background:#666; }#ftg-11 .ftg-items .loading-bar { background:#fff; }#ftg-11 .tile .icon { font-size:12px; }#ftg-11 .tile .icon { margin: -6px 0 0 -6px; }#ftg-11 .tile .caption-block .text-wrapper span.text { font-size:12px; }#ftg-11 .tile .caption-outside .text-wrapper span.text { font-size:12px; }#ftg-11 .tile .caption-block .text-wrapper span.title { font-size:14px; }#ftg-11 .tile .caption-outside .text-wrapper span.title { font-size:14px; }#ftg-11 .tile { background-color: transparent; }#ftg-11 .tile .caption-block .text-wrapper span.text { color: #ffffff; }#ftg-11 .tile .caption-block .text-wrapper span.title { color: #ffffff; }#ftg-11 .tile .caption-outside .text-wrapper span.text { color: #ffffff; }#ftg-11 .tile .caption-outside .text-wrapper span.title { color: #ffffff; }#ftg-11 .tile .ftg-social a { color: #ffffff; }#ftg-11 .tile .caption-block { transition-timing-function:linear; }#ftg-11 .tile .caption-block { transition-duration:0.25s; }#ftg-11 .tile .tile-inner:before { background-color: #000000; }#ftg-11 .tile .tile-inner:before { background-color: rgba(0, 0, 0, 0.8); }<\/style><a name=\"1\"><\/a><div class=\"final-tiles-gallery  ftg-hover-enabled caption-inside  caption-none caption-middle caption-center\" id=\"ftg-11\" style=\"width: 100%\"><div class='ftg-items'><div class='loading-bar'><i><\/i><\/div><div  class='tile ftg-preload  '><a title=\"_MG_6434\" data-lightbox='ftg-11' rel='ftg-11'  class=' tile-inner  ftg-lightbox' href='http:\/\/stowarzyszenie-matecznik.pl\/wp-content\/uploads\/2019\/10\/MG_6434-1024x683.jpg' ><img alt='_MG_6434' class='item skip-lazy' data-class='item' data-ftg-source='http:\/\/stowarzyszenie-matecznik.pl\/wp-content\/uploads\/2019\/10\/MG_6434-1024x683.jpg' src='http:\/\/stowarzyszenie-matecznik.pl\/wp-content\/uploads\/2019\/10\/MG_6434-1024x683.jpg' width='640' height='427' \/><span class='icon fa fa-zoom'><\/span><div class='caption-block'><div class='text-wrapper'><span class='title'>_MG_6434<\/span><\/div><\/div><\/a><div class='ftg-social'><\/div><\/div><div  class='tile ftg-preload  '><a title=\"_MG_6406\" data-lightbox='ftg-11' rel='ftg-11'  class=' tile-inner  ftg-lightbox' href='http:\/\/stowarzyszenie-matecznik.pl\/wp-content\/uploads\/2019\/10\/MG_6406-1024x683.jpg' ><img alt='_MG_6406' class='item skip-lazy' data-class='item' data-ftg-source='http:\/\/stowarzyszenie-matecznik.pl\/wp-content\/uploads\/2019\/10\/MG_6406-1024x683.jpg' src='http:\/\/stowarzyszenie-matecznik.pl\/wp-content\/uploads\/2019\/10\/MG_6406-1024x683.jpg' width='640' height='427' \/><span class='icon fa fa-zoom'><\/span><div class='caption-block'><div class='text-wrapper'><span class='title'>_MG_6406<\/span><\/div><\/div><\/a><div class='ftg-social'><\/div><\/div><div  class='tile ftg-preload  '><a title=\"_MG_6357\" data-lightbox='ftg-11' rel='ftg-11'  class=' tile-inner  ftg-lightbox' href='http:\/\/stowarzyszenie-matecznik.pl\/wp-content\/uploads\/2019\/10\/MG_6357-1024x683.jpg' ><img alt='_MG_6357' class='item skip-lazy' data-class='item' data-ftg-source='http:\/\/stowarzyszenie-matecznik.pl\/wp-content\/uploads\/2019\/10\/MG_6357-1024x683.jpg' src='http:\/\/stowarzyszenie-matecznik.pl\/wp-content\/uploads\/2019\/10\/MG_6357-1024x683.jpg' width='640' height='427' \/><span class='icon fa fa-zoom'><\/span><div class='caption-block'><div class='text-wrapper'><span class='title'>_MG_6357<\/span><\/div><\/div><\/a><div class='ftg-social'><\/div><\/div><div  class='tile ftg-preload  '><a title=\"mg-6418\" data-lightbox='ftg-11' rel='ftg-11'  class=' tile-inner  ftg-lightbox' href='http:\/\/stowarzyszenie-matecznik.pl\/wp-content\/uploads\/2019\/10\/mg-6418.jpg' ><img alt='mg-6418' class='item skip-lazy' data-class='item' data-ftg-source='http:\/\/stowarzyszenie-matecznik.pl\/wp-content\/uploads\/2019\/10\/mg-6418.jpg' src='http:\/\/stowarzyszenie-matecznik.pl\/wp-content\/uploads\/2019\/10\/mg-6418.jpg' width='480' height='320' \/><span class='icon fa fa-zoom'><\/span><div class='caption-block'><div class='text-wrapper'><span class='title'>mg-6418<\/span><\/div><\/div><\/a><div class='ftg-social'><\/div><\/div><div  class='tile ftg-preload  '><a title=\"mg-6377z-banerem\" data-lightbox='ftg-11' rel='ftg-11'  class=' tile-inner  ftg-lightbox' href='http:\/\/stowarzyszenie-matecznik.pl\/wp-content\/uploads\/2019\/10\/mg-6377z-banerem.jpg' ><img alt='mg-6377z-banerem' class='item skip-lazy' data-class='item' data-ftg-source='http:\/\/stowarzyszenie-matecznik.pl\/wp-content\/uploads\/2019\/10\/mg-6377z-banerem.jpg' src='http:\/\/stowarzyszenie-matecznik.pl\/wp-content\/uploads\/2019\/10\/mg-6377z-banerem.jpg' width='480' height='324' \/><span class='icon fa fa-zoom'><\/span><div class='caption-block'><div class='text-wrapper'><span class='title'>mg-6377z-banerem<\/span><\/div><\/div><\/a><div class='ftg-social'><\/div><\/div><div  class='tile ftg-preload  '><a title=\"_MG_6373\" data-lightbox='ftg-11' rel='ftg-11'  class=' tile-inner  ftg-lightbox' href='http:\/\/stowarzyszenie-matecznik.pl\/wp-content\/uploads\/2019\/10\/MG_6373-1024x683.jpg' ><img alt='_MG_6373' class='item skip-lazy' data-class='item' data-ftg-source='http:\/\/stowarzyszenie-matecznik.pl\/wp-content\/uploads\/2019\/10\/MG_6373-1024x683.jpg' src='http:\/\/stowarzyszenie-matecznik.pl\/wp-content\/uploads\/2019\/10\/MG_6373-1024x683.jpg' width='640' height='427' \/><span class='icon fa fa-zoom'><\/span><div class='caption-block'><div class='text-wrapper'><span class='title'>_MG_6373<\/span><\/div><\/div><\/a><div class='ftg-social'><\/div><\/div><div  class='tile ftg-preload  '><a title=\"_MG_6408\" data-lightbox='ftg-11' rel='ftg-11'  class=' tile-inner  ftg-lightbox' href='http:\/\/stowarzyszenie-matecznik.pl\/wp-content\/uploads\/2019\/10\/MG_6408-1024x683.jpg' ><img alt='_MG_6408' class='item skip-lazy' data-class='item' data-ftg-source='http:\/\/stowarzyszenie-matecznik.pl\/wp-content\/uploads\/2019\/10\/MG_6408-1024x683.jpg' src='http:\/\/stowarzyszenie-matecznik.pl\/wp-content\/uploads\/2019\/10\/MG_6408-1024x683.jpg' width='640' height='427' \/><span class='icon fa fa-zoom'><\/span><div class='caption-block'><div class='text-wrapper'><span class='title'>_MG_6408<\/span><\/div><\/div><\/a><div class='ftg-social'><\/div><\/div><div  class='tile ftg-preload  '><a title=\"_MG_6383\" data-lightbox='ftg-11' rel='ftg-11'  class=' tile-inner  ftg-lightbox' href='http:\/\/stowarzyszenie-matecznik.pl\/wp-content\/uploads\/2019\/10\/MG_6383-1024x683.jpg' ><img alt='_MG_6383' class='item skip-lazy' data-class='item' data-ftg-source='http:\/\/stowarzyszenie-matecznik.pl\/wp-content\/uploads\/2019\/10\/MG_6383-1024x683.jpg' src='http:\/\/stowarzyszenie-matecznik.pl\/wp-content\/uploads\/2019\/10\/MG_6383-1024x683.jpg' width='640' height='427' \/><span class='icon fa fa-zoom'><\/span><div class='caption-block'><div class='text-wrapper'><span class='title'>_MG_6383<\/span><\/div><\/div><\/a><div class='ftg-social'><\/div><\/div><div  class='tile ftg-preload  '><a title=\"mg-6349\" data-lightbox='ftg-11' rel='ftg-11'  class=' tile-inner  ftg-lightbox' href='http:\/\/stowarzyszenie-matecznik.pl\/wp-content\/uploads\/2019\/10\/mg-6349.jpg' ><img alt='mg-6349' class='item skip-lazy' data-class='item' data-ftg-source='http:\/\/stowarzyszenie-matecznik.pl\/wp-content\/uploads\/2019\/10\/mg-6349.jpg' src='http:\/\/stowarzyszenie-matecznik.pl\/wp-content\/uploads\/2019\/10\/mg-6349.jpg' width='480' height='320' \/><span class='icon fa fa-zoom'><\/span><div class='caption-block'><div class='text-wrapper'><span class='title'>mg-6349<\/span><\/div><\/div><\/a><div class='ftg-social'><\/div><\/div><\/div><\/div>\n<p style=\"text-align: right;\">Zdj\u0119cia z konferencji \u00a9BORIUM<\/p>\n<hr \/>\n<p><strong>Prezentacje z konferencji<\/strong><\/p>\n<p><a href=\"http:\/\/stowarzyszenie-matecznik.pl\/wp-content\/uploads\/2019\/10\/1.A.Kruszewicz_prezentacja_Hupoktyzja.pdf\">1. A. Kruszewicz \u2013 Hipokryzja, nasze relacje ze zwierz\u0119tami<\/a><\/p>\n<p><a href=\"http:\/\/stowarzyszenie-matecznik.pl\/wp-content\/uploads\/2019\/10\/2.-W.Olech_prezentacja_Czy-\u017cubry-powinny-na-siebie-zarabia\u0107.pdf\">2. W. Olech \u2013 Czy \u017cubry powinny na siebie zarabia\u0107<\/a><\/p>\n<p><a href=\"http:\/\/stowarzyszenie-matecznik.pl\/wp-content\/uploads\/2019\/10\/3.-K.-Rykowski_prezentacja_Czwarty-wymiar-lasu.pdf\">3. K. Rykowski \u2013 Czwarty wymiar lasu<\/a><\/p>\n<p><a href=\"http:\/\/stowarzyszenie-matecznik.pl\/wp-content\/uploads\/2019\/10\/4.-H.-Okarma_prezentacja_Zarz\u0105dzanie-populacja-wilka-w-Europie.pdf\">4. H. Okarma \u2013 Zarz\u0105dzanie populacj\u0105 wilka w Europie<\/a><\/p>\n<p><a href=\"http:\/\/stowarzyszenie-matecznik.pl\/wp-content\/uploads\/2019\/10\/5.-I.-Wierzbowska_prezentacja_Sytuacje-konfliktowe-ze-zwierz\u0119tami-w-miastach.pdf\">5. I. Wierzbowska \u2013 Sytuacje konfliktowe ze zwierz\u0119tami w miastach<\/a><\/p>\n<p><a href=\"http:\/\/stowarzyszenie-matecznik.pl\/wp-content\/uploads\/2019\/10\/6.-R.-Czeraszkiewicz_Problemy-ze-zwierz\u0119tami-dziko-\u017cyj\u0105cymi-na-terenach-zurbanizowanych-na-Pomorzu.pdf\">6. R. Czeraszkiewicz \u2013 Problemy ze zwierz\u0119tami dziko \u017cyj\u0105cymi na terenach zurbanizowanych na Pomorzu<\/a><\/p>\n<p><a href=\"http:\/\/stowarzyszenie-matecznik.pl\/wp-content\/uploads\/2019\/10\/7.-M.-Skakuj_Zagro\u017cenia-\u015brodowiskowe-na-lotniskach.pdf\">7. M. Skakuj \u2013 Zagro\u017cenia \u015brodowiskowe na lotniskach<\/a><\/p>\n<p><a href=\"http:\/\/stowarzyszenie-matecznik.pl\/wp-content\/uploads\/2019\/10\/8.-M.-Marsza\u0142_Ko\u015bcielniak_Mowa-nienawi\u015bci.pdf\">8. M. Marsza\u0142 Ko\u015bcielniak \u2013 Mowa nienawi\u015bci<\/a><\/p>\n<p><a href=\"http:\/\/stowarzyszenie-matecznik.pl\/wp-content\/uploads\/2019\/10\/9.-P.-Wawrzyniak_\u0141o\u015b-fakty-i-mity-a-perspektywy.pdf\">9. P. Wawrzyniak \u2013 \u0141o\u015b, fakty, mity, a perspektywy<\/a><\/p>\n<p><a href=\"http:\/\/stowarzyszenie-matecznik.pl\/wp-content\/uploads\/2019\/10\/10.-W.-Fa\u0142tynowicz_Porosty-wa\u017cnym-sk\u0142adnikiem-las\u00f3w.pdf\">10. W. Fa\u0142tynowicz \u2013 Porosty wa\u017cnym sk\u0142adnikiem las\u00f3w<\/a><\/p>\n<p><a href=\"http:\/\/stowarzyszenie-matecznik.pl\/wp-content\/uploads\/2019\/10\/11.-A.-Kruszewicz_Tajemnice-ptak\u00f3w.pdf\">11. A. Kruszewicz \u2013 Tajemnice ptak\u00f3w<\/a><\/p>\n<p><a href=\"http:\/\/stowarzyszenie-matecznik.pl\/wp-content\/uploads\/2019\/10\/12.-J.-Borkowski_SPN-Jelenie-a-ochrona-przyrody.pdf\">12. J. Borkowski \u2013 S\u0142owi\u0144ski Park Narodowy \u2013 jelenie, a ochrona przyrody<\/a><\/p>\n<p><a href=\"http:\/\/stowarzyszenie-matecznik.pl\/wp-content\/uploads\/2020\/01\/13.M.-Krokowska_Paluszak.pdf\">13.M. Krokowska_Paluszak<\/a><\/p>\n<hr \/>\n<h6><a href=\"http:\/\/stowarzyszenie-matecznik.pl\/index.php\/2020\/06\/06\/konferencja-i-warsztaty-przyrodnicze-dla-przedstawicieli-mediow\/\">Materia\u0142y z konferencji<\/a><\/h6>\n<p><em>O ochronie oraz u\u017cytkowaniu zasob\u00f3w naturalnych, puszczach, lasach i ich mieszka\u0144cach<\/em> zosta\u0142y opracowane przez autor\u00f3w referat\u00f3w lub na podstawie ich wyst\u0105pie\u0144, zaprezentowanych podczas konferencji i warsztat\u00f3w przyrodniczych w Orzechowie Morskim w dniach od 18 do 20 pa\u017adziernika 2019.<\/p>\n<p><a href=\"http:\/\/stowarzyszenie-matecznik.pl\/index.php\/2020\/08\/05\/o-ochronie-oraz-uzytkowaniu-zasobow-naturalnych-puszczach-lasachi-ich-mieszkancach\/\"><img decoding=\"async\" class=\"alignnone wp-image-321\" src=\"http:\/\/stowarzyszenie-matecznik.pl\/wp-content\/uploads\/2020\/08\/ok\u0142adka-na-stron\u0119-215x300.jpg\" alt=\"\" width=\"153\" height=\"213\" srcset=\"http:\/\/stowarzyszenie-matecznik.pl\/wp-content\/uploads\/2020\/08\/ok\u0142adka-na-stron\u0119-215x300.jpg 215w, http:\/\/stowarzyszenie-matecznik.pl\/wp-content\/uploads\/2020\/08\/ok\u0142adka-na-stron\u0119-734x1024.jpg 734w, http:\/\/stowarzyszenie-matecznik.pl\/wp-content\/uploads\/2020\/08\/ok\u0142adka-na-stron\u0119-768x1071.jpg 768w, http:\/\/stowarzyszenie-matecznik.pl\/wp-content\/uploads\/2020\/08\/ok\u0142adka-na-stron\u0119.jpg 794w\" sizes=\"(max-width: 153px) 100vw, 153px\" \/><\/a><\/p>\n<p><a href=\"http:\/\/stowarzyszenie-matecznik.pl\/index.php\/2020\/08\/05\/o-ochronie-oraz-uzytkowaniu-zasobow-naturalnych-puszczach-lasachi-ich-mieszkancach\/\"><strong>Publikacja &#8211; PDF<\/strong><\/a><\/p>\n<hr \/>\n","protected":false},"excerpt":{"rendered":"<p>i warsztaty przyrodnicze Orzechowo Morskie 2019 W dniach od 18 do 20 pa\u017adziernika 2019 roku w O\u015brodku Szkoleniowo -Wypoczynkowym \u201eLe\u015bnik\u201d w Orzechowie Morskim oraz na terenie S\u0142owi\u0144skiego Parku Narodowego odby\u0142a si\u0119 konferencja po\u0142\u0105czona z warsztatami przyrodniczymi pt. \u201eO ochronie oraz u\u017cytkowaniu zasob\u00f3w przyrodniczych, puszczach, lasach i ich mieszka\u0144cach\u201d. Uczestniczyli w niej przede wszystkim dziennikarze prasowi, &#8230;<a href=\"http:\/\/stowarzyszenie-matecznik.pl\/index.php\/konferencja\/\" title=\"Read in detail: Konferencja\" rel=\"bookmark\" class=\"read-more\">read in detail<i class=\"fa fa-long-arrow-right\"><\/i><\/a><\/p>\n","protected":false},"author":1,"featured_media":0,"parent":0,"menu_order":0,"comment_status":"closed","ping_status":"closed","template":"","meta":{"footnotes":""},"class_list":["post-16","page","type-page","status-publish","hentry"],"_links":{"self":[{"href":"http:\/\/stowarzyszenie-matecznik.pl\/index.php\/wp-json\/wp\/v2\/pages\/16","targetHints":{"allow":["GET"]}}],"collection":[{"href":"http:\/\/stowarzyszenie-matecznik.pl\/index.php\/wp-json\/wp\/v2\/pages"}],"about":[{"href":"http:\/\/stowarzyszenie-matecznik.pl\/index.php\/wp-json\/wp\/v2\/types\/page"}],"author":[{"embeddable":true,"href":"http:\/\/stowarzyszenie-matecznik.pl\/index.php\/wp-json\/wp\/v2\/users\/1"}],"replies":[{"embeddable":true,"href":"http:\/\/stowarzyszenie-matecznik.pl\/index.php\/wp-json\/wp\/v2\/comments?post=16"}],"version-history":[{"count":69,"href":"http:\/\/stowarzyszenie-matecznik.pl\/index.php\/wp-json\/wp\/v2\/pages\/16\/revisions"}],"predecessor-version":[{"id":678,"href":"http:\/\/stowarzyszenie-matecznik.pl\/index.php\/wp-json\/wp\/v2\/pages\/16\/revisions\/678"}],"wp:attachment":[{"href":"http:\/\/stowarzyszenie-matecznik.pl\/index.php\/wp-json\/wp\/v2\/media?parent=16"}],"curies":[{"name":"wp","href":"https:\/\/api.w.org\/{rel}","templated":true}]}}