{"id":12,"date":"2018-03-06T11:27:56","date_gmt":"2018-03-06T10:27:56","guid":{"rendered":"http:\/\/wilk-na-pomorzu.pl\/?page_id=12"},"modified":"2021-07-27T10:46:44","modified_gmt":"2021-07-27T08:46:44","slug":"o-stowarzyszeniu","status":"publish","type":"page","link":"https:\/\/stowarzyszenie-matecznik.pl\/index.php\/o-stowarzyszeniu\/","title":{"rendered":"O stowarzyszeniu"},"content":{"rendered":"<p style=\"font-weight: 400;\">Przyroda od wiek\u00f3w pozostaje nieprzerwanie pod presj\u0105 cywilizacji\u00a0i urbanizacji kraju. Zmieni\u0142a si\u0119 gospodarka rolna z ekstensywnej na intensywn\u0105,\u00a0\u00a0powoduj\u0105c nie notowane dot\u0105d zmiany w krajobrazie przyrodniczym. Najwa\u017cniejsz\u0105 z nich jest coraz bardziej widoczny brak zr\u00f3wnowa\u017conego rozwoju i wyst\u0119puj\u0105ce\u00a0\u00a0skrajne wahania w liczebno\u015bci gatunk\u00f3w zwierz\u0105t i ro\u015blin. Przyk\u0142adami z ostatnich lat jest miedzy innymi drastyczny spadek liczebno\u015bci kuropatwy i zaj\u0105ca oraz dynamiczny wzrost liczebny jeleni, bobr\u00f3w, ptak\u00f3w krukowatych i innych. Obserwuj\u0105c z niepokojem te narastaj\u0105ce zmiany grupa przyrodnik\u00f3w, w\u0142a\u015bcicieli grunt\u00f3w rolnych i le\u015bnych, naukowc\u00f3w oraz do\u015bwiadczonych le\u015bnik\u00f3w utworzy\u0142a stowarzyszenie \u201eMATECZNIK\u201d. Nazwa ta okre\u015bla miejsce w przyrodzie gdzie zar\u00f3wno zwierz\u0119ta jaki i ro\u015bliny \u017cyj\u0105 w zgodnej, niezak\u0142\u00f3conej r\u00f3wnowadze. Tych miejsc jest coraz mniej i dlatego te\u017c stowarzyszenie ma na celu:<\/p>\n<p style=\"font-weight: 400;\">&#8211; wspieranie podmiot\u00f3w i os\u00f3b maj\u0105cych w zakresie swojej kompetencji nadz\u00f3r nad zarz\u0105dzaniem bior\u00f3\u017cnorodno\u015bci\u0105<\/p>\n<p style=\"font-weight: 400;\">&#8211; prowadzenie dzia\u0142alno\u015bci na rzecz zr\u00f3wnowa\u017conego rozwoju<\/p>\n<p style=\"font-weight: 400;\">&#8211; ochron\u0119 zwierz\u0105t, ro\u015blin i ich siedlisk<\/p>\n<p style=\"font-weight: 400;\">&#8211; promowanie racjonalnego zarz\u0105dzania populacjami zwierz\u0105t dziko \u017cyj\u0105cych<\/p>\n<p style=\"font-weight: 400;\">&#8211; inicjowanie i wspieranie dzia\u0142alno\u015bci edukacyjnej<\/p>\n<p style=\"font-weight: 400;\">&#8211; inicjowanie i wspieranie dzia\u0142a\u0144 kulturotw\u00f3rczych i \u015brodowiskowych<\/p>\n<p style=\"font-weight: 400;\">\u00a0\u00a0\u00a0\u00a0\u00a0 Chcemy przeciwstawia\u0107 si\u0119 rozwojowi jednych gatunk\u00f3w kosztem innych.<br \/>\nZapraszamy do wsp\u00f3\u0142pracy zar\u00f3wno osoby fizyczne jak i wszelkie organizacje, kt\u00f3rym le\u017cy na sercu prawdziwe dobro ochrony przyrody zmierzaj\u0105ce do utrzymania<br \/>\ni pog\u0142\u0119biania bior\u00f3\u017cnorodno\u015bci. B\u0119dziemy wdzi\u0119czni za wszelkie informacje zbie\u017cne z naszymi zainteresowaniami i jeste\u015bmy otwarci na propozycje wsp\u00f3\u0142pracy w tym zakresie. Liczymy r\u00f3wnie\u017c na wsparcie w naszych dzia\u0142aniach.<\/p>\n<p><\/p>\n<p><ol>Zarz\u0105d Stowarzyszenia<\/p>\n<li>Prezes Krzysztof Za\u0142uska\n<li>Zast\u0119pca Prezesa Stefan Ryder\n<li>Skarbnik Maciej Depczyk\n<li>Sekretarz Tadeusz Wagner\n<li>Cz\u0142onek Zarz\u0105du Bronis\u0142aw Niemiec\n<li>Cz\u0142onek Zarz\u0105du Tomasz Musia\u0142\n<\/ol>\n<p><\/p>\n<ol>Komisja Rewizyjna Stowarzyszenia<\/p>\n<li>Przewodnicz\u0105cy  Tadeusz Partyka\n<li>Sekretarz   Tomasz Tuchowski\n<li>Cz\u0142onek Komisji   Antoni Przybylski\n<\/ol><\/p>\n","protected":false},"excerpt":{"rendered":"<p>Przyroda od wiek\u00f3w pozostaje nieprzerwanie pod presj\u0105 cywilizacji\u00a0i urbanizacji kraju. Zmieni\u0142a si\u0119 gospodarka rolna z ekstensywnej na intensywn\u0105,\u00a0\u00a0powoduj\u0105c nie notowane dot\u0105d zmiany w krajobrazie przyrodniczym. Najwa\u017cniejsz\u0105 z nich jest coraz bardziej widoczny brak zr\u00f3wnowa\u017conego rozwoju i wyst\u0119puj\u0105ce\u00a0\u00a0skrajne wahania w liczebno\u015bci gatunk\u00f3w zwierz\u0105t i ro\u015blin. Przyk\u0142adami z ostatnich lat jest miedzy innymi drastyczny spadek liczebno\u015bci kuropatwy &#8230;<a href=\"https:\/\/stowarzyszenie-matecznik.pl\/index.php\/o-stowarzyszeniu\/\" title=\"Read in detail: O stowarzyszeniu\" rel=\"bookmark\" class=\"read-more\">read in detail<i class=\"fa fa-long-arrow-right\"><\/i><\/a><\/p>\n","protected":false},"author":1,"featured_media":0,"parent":0,"menu_order":0,"comment_status":"closed","ping_status":"closed","template":"","meta":{"footnotes":""},"class_list":["post-12","page","type-page","status-publish","hentry"],"_links":{"self":[{"href":"https:\/\/stowarzyszenie-matecznik.pl\/index.php\/wp-json\/wp\/v2\/pages\/12","targetHints":{"allow":["GET"]}}],"collection":[{"href":"https:\/\/stowarzyszenie-matecznik.pl\/index.php\/wp-json\/wp\/v2\/pages"}],"about":[{"href":"https:\/\/stowarzyszenie-matecznik.pl\/index.php\/wp-json\/wp\/v2\/types\/page"}],"author":[{"embeddable":true,"href":"https:\/\/stowarzyszenie-matecznik.pl\/index.php\/wp-json\/wp\/v2\/users\/1"}],"replies":[{"embeddable":true,"href":"https:\/\/stowarzyszenie-matecznik.pl\/index.php\/wp-json\/wp\/v2\/comments?post=12"}],"version-history":[{"count":3,"href":"https:\/\/stowarzyszenie-matecznik.pl\/index.php\/wp-json\/wp\/v2\/pages\/12\/revisions"}],"predecessor-version":[{"id":683,"href":"https:\/\/stowarzyszenie-matecznik.pl\/index.php\/wp-json\/wp\/v2\/pages\/12\/revisions\/683"}],"wp:attachment":[{"href":"https:\/\/stowarzyszenie-matecznik.pl\/index.php\/wp-json\/wp\/v2\/media?parent=12"}],"curies":[{"name":"wp","href":"https:\/\/api.w.org\/{rel}","templated":true}]}}