{"id":264,"date":"2019-10-30T22:47:59","date_gmt":"2019-10-30T21:47:59","guid":{"rendered":"http:\/\/stowarzyszenie-matecznik.pl\/?page_id=264"},"modified":"2021-08-14T08:21:51","modified_gmt":"2021-08-14T06:21:51","slug":"pisza-o-nas","status":"publish","type":"page","link":"https:\/\/stowarzyszenie-matecznik.pl\/index.php\/pisza-o-nas\/","title":{"rendered":"Pisz\u0105 o nas"},"content":{"rendered":"<hr \/>\n<h6><img decoding=\"async\" class=\"alignnone wp-image-586\" src=\"http:\/\/stowarzyszenie-matecznik.pl\/wp-content\/uploads\/2020\/08\/Listy-300x300.png\" alt=\"\" width=\"95\" height=\"95\" srcset=\"https:\/\/stowarzyszenie-matecznik.pl\/wp-content\/uploads\/2020\/08\/Listy-300x300.png 300w, https:\/\/stowarzyszenie-matecznik.pl\/wp-content\/uploads\/2020\/08\/Listy-150x150.png 150w, https:\/\/stowarzyszenie-matecznik.pl\/wp-content\/uploads\/2020\/08\/Listy.png 596w\" sizes=\"(max-width: 95px) 100vw, 95px\" \/>listy i opinie<\/h6>\n<p style=\"text-align: left;\"><a href=\"http:\/\/stowarzyszenie-matecznik.pl\/wp-content\/uploads\/2020\/08\/Listy-dziennikarzy-M.Giedz_.pdf\"><em> \u2022 Konferencja okiem dziennikarza. <\/em><\/a><a href=\"http:\/\/stowarzyszenie-matecznik.pl\/wp-content\/uploads\/2020\/08\/Listy-dziennikarzy-M.Giedz_.pdf\">Maria Giedz<\/a><\/p>\n<p style=\"text-align: left;\"><a href=\"http:\/\/stowarzyszenie-matecznik.pl\/wp-content\/uploads\/2020\/08\/Listy-dziennikarzy-U.Kaczorowska.pdf\"><em>\u2022 List dziennikarki. <\/em><\/a><a href=\"http:\/\/stowarzyszenie-matecznik.pl\/wp-content\/uploads\/2020\/08\/Listy-dziennikarzy-U.Kaczorowska.pdf\">Urszula Kaczorowska<\/a><em><br \/>\n<\/em><\/p>\n<p style=\"text-align: left;\"><a href=\"http:\/\/stowarzyszenie-matecznik.pl\/wp-content\/uploads\/2020\/08\/Listy-dziennikarzy-K.Netka_.pdf\"><em>\u2022 Wiedza o r\u00f3\u017cnorodno\u015bci biologicznej<\/em><\/a><br \/>\n<em><a href=\"http:\/\/stowarzyszenie-matecznik.pl\/wp-content\/uploads\/2020\/08\/Listy-dziennikarzy-K.Netka_.pdf\">dla dziennikarzy i nie tylko \u2013 prosto z MATECZNIKA. <\/a><\/em><a href=\"http:\/\/stowarzyszenie-matecznik.pl\/wp-content\/uploads\/2020\/08\/Listy-dziennikarzy-K.Netka_.pdf\">Kazimierz Netka<\/a><em><br \/>\n<\/em><\/p>\n<hr \/>\n<h6 data-wp-editing=\"1\"><img decoding=\"async\" class=\"alignnone wp-image-575\" src=\"http:\/\/stowarzyszenie-matecznik.pl\/wp-content\/uploads\/2020\/08\/INTERNET-300x300.png\" alt=\"\" width=\"84\" height=\"84\" srcset=\"https:\/\/stowarzyszenie-matecznik.pl\/wp-content\/uploads\/2020\/08\/INTERNET-300x300.png 300w, https:\/\/stowarzyszenie-matecznik.pl\/wp-content\/uploads\/2020\/08\/INTERNET-150x150.png 150w, https:\/\/stowarzyszenie-matecznik.pl\/wp-content\/uploads\/2020\/08\/INTERNET.png 596w\" sizes=\"(max-width: 84px) 100vw, 84px\" \/>na portalach internetowych<\/h6>\n<p>\u2022 <a href=\"https:\/\/naukawpolsce.pap.pl\/aktualnosci\/news%2C29924%2Cmonitoring-wilka-w-polnocno-zachodniej-polsce-w-bliskich-planach-podpisanie\">Monitoring wilka.<\/a><\/p>\n<p><a href=\"http:\/\/stowarzyszenie-matecznik.pl\/wp-content\/uploads\/2020\/08\/Informacja-o-konferencji-na-stronach-internetowych.pdf\">\u2022 o konferencji <em>O ochronie oraz u\u017cytkowaniu zasob\u00f3w naturalnych, puszczach, lasach i ich mieszka\u0144cach. <\/em>Orzechowo Morskie, 18\u201320 pa\u017adziernika 2019 r.<\/a><\/p>\n<p><a href=\"https:\/\/pulsarowy.pl\/naturalna-walka-na-smierc-i-zycie-bitwy-o-przetrwanie-tocza-sie-na-ladzie-w-wodzie-w-powietrzu-i-pod-ziemia-nie-z-winy\/\">\u2022 o publikacji <em>O ochronie oraz u\u017cytkowaniu zasob\u00f3w naturalnych, puszczach, lasach i ich mieszka\u0144cach.<\/em> Szczecinek 2020 r.<\/a><\/p>\n<hr \/>\n<h6><img decoding=\"async\" class=\"alignnone wp-image-603\" src=\"http:\/\/stowarzyszenie-matecznik.pl\/wp-content\/uploads\/2020\/08\/Prasa-300x243.png\" alt=\"\" width=\"112\" height=\"91\" srcset=\"https:\/\/stowarzyszenie-matecznik.pl\/wp-content\/uploads\/2020\/08\/Prasa-300x243.png 300w, https:\/\/stowarzyszenie-matecznik.pl\/wp-content\/uploads\/2020\/08\/Prasa.png 596w\" sizes=\"(max-width: 112px) 100vw, 112px\" \/> w prasie<\/h6>\n<p><a href=\"http:\/\/stowarzyszenie-matecznik.pl\/wp-content\/uploads\/2019\/10\/Jak-szanowa\u0107-przyrod\u0119....pdf\"><img loading=\"lazy\" decoding=\"async\" class=\"alignnone wp-image-561 size-full\" src=\"http:\/\/stowarzyszenie-matecznik.pl\/wp-content\/uploads\/2020\/08\/pulsarowy-logo.jpg\" alt=\"\" width=\"173\" height=\"68\" \/><\/a><a href=\"http:\/\/stowarzyszenie-matecznik.pl\/wp-content\/uploads\/2019\/10\/Jak-szanowa\u0107-przyrod\u0119....pdf\"><em>Jak szanowa\u0107 przyrod\u0119&#8230;<\/em><\/a><\/p>\n<p><a href=\"http:\/\/stowarzyszenie-matecznik.pl\/wp-content\/uploads\/2020\/08\/Forum_Dziennikarzy_135_po_I_korekcie-1.pdf\"><img loading=\"lazy\" decoding=\"async\" class=\"alignnone wp-image-564\" src=\"http:\/\/stowarzyszenie-matecznik.pl\/wp-content\/uploads\/2020\/08\/Forum-dziennikarzy-300x89.jpg\" alt=\"\" width=\"165\" height=\"49\" srcset=\"https:\/\/stowarzyszenie-matecznik.pl\/wp-content\/uploads\/2020\/08\/Forum-dziennikarzy-300x89.jpg 300w, https:\/\/stowarzyszenie-matecznik.pl\/wp-content\/uploads\/2020\/08\/Forum-dziennikarzy.jpg 401w\" sizes=\"(max-width: 165px) 100vw, 165px\" \/><\/a> \u00a0<em><a href=\"http:\/\/stowarzyszenie-matecznik.pl\/wp-content\/uploads\/2020\/08\/Forum_Dziennikarzy_135_po_I_korekcie-1.pdf\">Zwierz\u0119ta, le\u015bnicy i prawo prasowe<\/a><\/em><\/p>\n<p><em data-wp-editing=\"1\"><a href=\"http:\/\/stowarzyszenie-matecznik.pl\/wp-content\/uploads\/2020\/08\/Forum_Dziennikarzy_135_po_I_korekcie-12.pdf\"><img loading=\"lazy\" decoding=\"async\" class=\"alignnone wp-image-570\" src=\"http:\/\/stowarzyszenie-matecznik.pl\/wp-content\/uploads\/2020\/08\/Forum-dziennikarzy3-300x88.jpg\" alt=\"\" width=\"163\" height=\"48\" srcset=\"https:\/\/stowarzyszenie-matecznik.pl\/wp-content\/uploads\/2020\/08\/Forum-dziennikarzy3-300x88.jpg 300w, https:\/\/stowarzyszenie-matecznik.pl\/wp-content\/uploads\/2020\/08\/Forum-dziennikarzy3.jpg 407w\" sizes=\"(max-width: 163px) 100vw, 163px\" \/><\/a>\u00a0 <a href=\"http:\/\/stowarzyszenie-matecznik.pl\/wp-content\/uploads\/2020\/08\/Forum_Dziennikarzy_135_po_I_korekcie-12.pdf\">Przyroda sama sobie nie poradzi<\/a><\/em><\/p>\n<hr \/>\n<p>&nbsp;<\/p>\n","protected":false},"excerpt":{"rendered":"<p>listy i opinie \u2022 Konferencja okiem dziennikarza. Maria Giedz \u2022 List dziennikarki. Urszula Kaczorowska \u2022 Wiedza o r\u00f3\u017cnorodno\u015bci biologicznej dla dziennikarzy i nie tylko \u2013 prosto z MATECZNIKA. Kazimierz Netka na portalach internetowych \u2022 Monitoring wilka. \u2022 o konferencji O ochronie oraz u\u017cytkowaniu zasob\u00f3w naturalnych, puszczach, lasach i ich mieszka\u0144cach. Orzechowo Morskie, 18\u201320 pa\u017adziernika 2019 &#8230;<a href=\"https:\/\/stowarzyszenie-matecznik.pl\/index.php\/pisza-o-nas\/\" title=\"Read in detail: Pisz\u0105 o nas\" rel=\"bookmark\" class=\"read-more\">read in detail<i class=\"fa fa-long-arrow-right\"><\/i><\/a><\/p>\n","protected":false},"author":1,"featured_media":0,"parent":0,"menu_order":0,"comment_status":"closed","ping_status":"closed","template":"","meta":{"footnotes":""},"class_list":["post-264","page","type-page","status-publish","hentry"],"_links":{"self":[{"href":"https:\/\/stowarzyszenie-matecznik.pl\/index.php\/wp-json\/wp\/v2\/pages\/264","targetHints":{"allow":["GET"]}}],"collection":[{"href":"https:\/\/stowarzyszenie-matecznik.pl\/index.php\/wp-json\/wp\/v2\/pages"}],"about":[{"href":"https:\/\/stowarzyszenie-matecznik.pl\/index.php\/wp-json\/wp\/v2\/types\/page"}],"author":[{"embeddable":true,"href":"https:\/\/stowarzyszenie-matecznik.pl\/index.php\/wp-json\/wp\/v2\/users\/1"}],"replies":[{"embeddable":true,"href":"https:\/\/stowarzyszenie-matecznik.pl\/index.php\/wp-json\/wp\/v2\/comments?post=264"}],"version-history":[{"count":40,"href":"https:\/\/stowarzyszenie-matecznik.pl\/index.php\/wp-json\/wp\/v2\/pages\/264\/revisions"}],"predecessor-version":[{"id":697,"href":"https:\/\/stowarzyszenie-matecznik.pl\/index.php\/wp-json\/wp\/v2\/pages\/264\/revisions\/697"}],"wp:attachment":[{"href":"https:\/\/stowarzyszenie-matecznik.pl\/index.php\/wp-json\/wp\/v2\/media?parent=264"}],"curies":[{"name":"wp","href":"https:\/\/api.w.org\/{rel}","templated":true}]}}